{"id":3,"date":"2024-08-20T14:49:42","date_gmt":"2024-08-20T14:49:42","guid":{"rendered":"https:\/\/energesis.tech\/campus\/?page_id=3"},"modified":"2025-06-26T13:44:36","modified_gmt":"2025-06-26T13:44:36","slug":"aviso-legal","status":"publish","type":"page","link":"https:\/\/energesis.tech\/campus\/aviso-legal\/","title":{"rendered":"Aviso legal"},"content":{"rendered":"\t\t<div data-elementor-type=\"masteriyo-course-archive-page\" data-elementor-id=\"3\" class=\"elementor elementor-3\">\n\t\t\t\t<div class=\"elementor-element elementor-element-25f9ce14 e-flex e-con-boxed e-con e-parent\" data-id=\"25f9ce14\" data-element_type=\"container\">\n\t\t\t\t\t<div class=\"e-con-inner\">\n\t\t\t\t<div class=\"elementor-element elementor-element-448736b elementor-widget elementor-widget-text-editor\" data-id=\"448736b\" data-element_type=\"widget\" data-widget_type=\"text-editor.default\">\n\t\t\t\t<div class=\"elementor-widget-container\">\n\t\t\t<style>\/*! elementor - v3.23.0 - 05-08-2024 *\/\n.elementor-widget-text-editor.elementor-drop-cap-view-stacked .elementor-drop-cap{background-color:#69727d;color:#fff}.elementor-widget-text-editor.elementor-drop-cap-view-framed .elementor-drop-cap{color:#69727d;border:3px solid;background-color:transparent}.elementor-widget-text-editor:not(.elementor-drop-cap-view-default) .elementor-drop-cap{margin-top:8px}.elementor-widget-text-editor:not(.elementor-drop-cap-view-default) .elementor-drop-cap-letter{width:1em;height:1em}.elementor-widget-text-editor .elementor-drop-cap{float:left;text-align:center;line-height:1;font-size:50px}.elementor-widget-text-editor .elementor-drop-cap-letter{display:inline-block}<\/style>\t\t\t\t<div data-start-index=\"360\">\u00a0<\/div>\n<div class=\"paragraph normal ng-star-inserted\" data-start-index=\"360\"><span class=\"ng-star-inserted\" data-start-index=\"360\">Bienvenidos al \u00abLaboratorio de f\u00edsica m\u00f3vil \u2013 Campus de aprendizaje\u00bb. Este documento describe las condiciones de uso de nuestra plataforma y nuestra pol\u00edtica de protecci\u00f3n de datos personales.<\/span><\/div>\n<div data-start-index=\"360\">\u00a0<\/div>\n<div class=\"paragraph normal ng-star-inserted\" data-start-index=\"566\"><span class=\"bold ng-star-inserted\" data-start-index=\"566\"><strong>Identificaci\u00f3n del Propietario<\/strong>:<\/span> <span class=\"ng-star-inserted\" data-start-index=\"598\">El sitio web \u00abLaboratorio de f\u00edsica m\u00f3vil \u2013 Campus de aprendizaje\u00bb es una plataforma dedicada a la ense\u00f1anza y el aprendizaje de la f\u00edsica a trav\u00e9s de dispositivos m\u00f3viles<\/span><span class=\"ng-star-inserted\" data-start-index=\"769\">. Para consultas o comunicaciones, puede contactarnos a trav\u00e9s de los siguientes datos:<\/span><\/div>\n<ul>\n<li class=\"paragraph normal ng-star-inserted\" data-start-index=\"856\"><span class=\"bold ng-star-inserted\" data-start-index=\"856\">Correo electr\u00f3nico:<\/span><span class=\"ng-star-inserted\" data-start-index=\"875\"> maria@energesis.tech<\/span><\/li>\n<li class=\"paragraph normal ng-star-inserted\" data-start-index=\"926\"><span class=\"bold ng-star-inserted\" data-start-index=\"926\">Direcci\u00f3n:<\/span><span class=\"ng-star-inserted\" data-start-index=\"936\"> Av. Peris y Valero n\u00ba 142 Bajo Izquierda, 46006 Valencia<\/span><\/li>\n<\/ul>\n<div class=\"paragraph normal ng-star-inserted\" data-start-index=\"993\"><span class=\"bold ng-star-inserted\" data-start-index=\"993\"><strong>Prop\u00f3sito de la Plataforma<\/strong>:<\/span> <span class=\"ng-star-inserted\" data-start-index=\"1021\">Nuestro objetivo fundamental es <\/span><span class=\"bold ng-star-inserted\" data-start-index=\"1053\">democratizar el acceso a la educaci\u00f3n en ciencias (STEM)<\/span><span class=\"ng-star-inserted\" data-start-index=\"1109\">, ofreciendo cursos y pr\u00e1cticas de f\u00edsica experimental que utilizan los sensores de smartphones como instrumental principal<\/span><span class=\"ng-star-inserted\" data-start-index=\"1232\">. La plataforma busca facilitar un aprendizaje activo y experimental<\/span><span class=\"ng-star-inserted\" data-start-index=\"1300\">, accesible y personalizado<\/span><span class=\"ng-star-inserted\" data-start-index=\"1327\">, promoviendo la reducci\u00f3n de las brechas econ\u00f3micas, tecnol\u00f3gicas y digitales<\/span><span class=\"ng-star-inserted\" data-start-index=\"1405\">.<\/span><\/div>\n<div data-start-index=\"993\">\u00a0<\/div>\n<div class=\"paragraph normal ng-star-inserted\" data-start-index=\"1406\"><span class=\"bold ng-star-inserted\" data-start-index=\"1406\"><strong>Contenidos y Propiedad Intelectual<\/strong>:<\/span> <span class=\"ng-star-inserted\" data-start-index=\"1442\">Los contenidos de este sitio, incluyendo textos, im\u00e1genes, videos y los guiones de pr\u00e1cticas derivados de la tesis doctoral que sustenta gran parte del contenido<\/span><span class=\"ng-star-inserted\" data-start-index=\"1442\">\u00a0<\/span><span class=\"ng-star-inserted\" data-start-index=\"1665\">son propiedad exclusiva del \u00abLaboratorio de f\u00edsica m\u00f3vil\u00bb o de sus colaboradores. La reproducci\u00f3n, distribuci\u00f3n, comunicaci\u00f3n p\u00fablica o transformaci\u00f3n de estos contenidos sin autorizaci\u00f3n expresa est\u00e1 prohibida<\/span><span class=\"ng-star-inserted\" data-start-index=\"2018\">.<\/span><\/div>\n<div class=\"bullet normal ng-star-inserted\">\u00a0<\/div>\n<div class=\"paragraph normal ng-star-inserted\" data-start-index=\"2187\"><strong><span class=\"bold ng-star-inserted\" data-start-index=\"2187\">Uso de la Plataforma:<\/span><\/strong> <span class=\"ng-star-inserted\" data-start-index=\"2209\">Los usuarios se comprometen a utilizar los servicios y contenidos de forma correcta y l\u00edcita. La plataforma est\u00e1 dise\u00f1ada para la <\/span><span class=\"bold ng-star-inserted\" data-start-index=\"2339\">formaci\u00f3n especializada en f\u00edsica experimental y electr\u00f3nica<\/span><span class=\"ng-star-inserted\" data-start-index=\"2399\">, permitiendo a estudiantes y profesores acceder a cursos y desarrollar habilidades t\u00e9cnicas<\/span><span class=\"ng-star-inserted\" data-start-index=\"2491\">.<\/span><\/div>\n<div class=\"bullet normal ng-star-inserted\">\u00a0<\/div>\n<div class=\"paragraph normal ng-star-inserted\" data-start-index=\"2575\"><strong><span class=\"bold ng-star-inserted\" data-start-index=\"2575\">Limitaci\u00f3n de Responsabilidad:<\/span><\/strong> <span class=\"ng-star-inserted\" data-start-index=\"2606\">\u00abLaboratorio de f\u00edsica m\u00f3vil\u00bb no se hace responsable de los da\u00f1os o perjuicios que pudieran derivarse del uso de la informaci\u00f3n o de la imposibilidad de acceso al sitio web. Aunque se busca la precisi\u00f3n y el rigor cient\u00edfico en las pr\u00e1cticas<\/span><span class=\"ng-star-inserted\" data-start-index=\"2847\">, la aplicaci\u00f3n de estas en diferentes contextos puede variar.<\/span><\/div>\t\t\t\t\t\t<\/div>\n\t\t\t\t<\/div>\n\t\t\t\t\t<\/div>\n\t\t\t\t<\/div>\n\t\t\t\t<\/div>\n\t\t","protected":false},"excerpt":{"rendered":"<p>\u00a0 Bienvenidos al \u00abLaboratorio de f\u00edsica m\u00f3vil \u2013 Campus de aprendizaje\u00bb. Este documento describe las condiciones de uso de nuestra plataforma y nuestra pol\u00edtica de protecci\u00f3n de datos personales. \u00a0 Identificaci\u00f3n del Propietario: El sitio web \u00abLaboratorio de f\u00edsica m\u00f3vil \u2013 Campus de aprendizaje\u00bb es una plataforma dedicada a la ense\u00f1anza y el aprendizaje de [&hellip;]<\/p>\n","protected":false},"author":1,"featured_media":0,"parent":0,"menu_order":0,"comment_status":"closed","ping_status":"closed","template":"elementor_header_footer","meta":{"elearning_layout":"tg-site-layout--default","elearning_remove_content_margin":false,"elearning_sidebar":"default","elearning_transparent_header":"customizer","elearning_logo":0,"elearning_header_style":"default","elearning_menu_item_color":"","elearning_menu_item_hover_color":"","elearning_menu_item_active_color":"","elearning_menu_item_active_style":"","elearning_page_header":true,"footnotes":""},"class_list":["post-3","page","type-page","status-publish","hentry"],"_links":{"self":[{"href":"https:\/\/energesis.tech\/campus\/wp-json\/wp\/v2\/pages\/3","targetHints":{"allow":["GET"]}}],"collection":[{"href":"https:\/\/energesis.tech\/campus\/wp-json\/wp\/v2\/pages"}],"about":[{"href":"https:\/\/energesis.tech\/campus\/wp-json\/wp\/v2\/types\/page"}],"author":[{"embeddable":true,"href":"https:\/\/energesis.tech\/campus\/wp-json\/wp\/v2\/users\/1"}],"replies":[{"embeddable":true,"href":"https:\/\/energesis.tech\/campus\/wp-json\/wp\/v2\/comments?post=3"}],"version-history":[{"count":11,"href":"https:\/\/energesis.tech\/campus\/wp-json\/wp\/v2\/pages\/3\/revisions"}],"predecessor-version":[{"id":2241,"href":"https:\/\/energesis.tech\/campus\/wp-json\/wp\/v2\/pages\/3\/revisions\/2241"}],"wp:attachment":[{"href":"https:\/\/energesis.tech\/campus\/wp-json\/wp\/v2\/media?parent=3"}],"curies":[{"name":"wp","href":"https:\/\/api.w.org\/{rel}","templated":true}]}}